{"id":10,"date":"2024-01-06T15:54:29","date_gmt":"2024-01-06T14:54:29","guid":{"rendered":"https:\/\/bossman-frank.fr\/?page_id=10"},"modified":"2024-09-11T11:10:58","modified_gmt":"2024-09-11T09:10:58","slug":"homepage","status":"publish","type":"page","link":"https:\/\/bossman-frank.fr\/fr\/","title":{"rendered":"Accueil"},"content":{"rendered":"<div class=\"wp-block-cover alignfull\" style=\"min-height:100vh;aspect-ratio:unset;\"><span aria-hidden=\"true\" class=\"wp-block-cover__background has-background-dim-20 has-background-dim\"><\/span><img loading=\"lazy\" decoding=\"async\" width=\"4032\" height=\"1960\" class=\"wp-block-cover__image-background wp-image-149\" alt=\"\" src=\"http:\/\/bossman-frank.fr\/wp-content\/uploads\/2024\/01\/photo-site-7-test-2.png\" data-object-fit=\"cover\" srcset=\"https:\/\/bossman-frank.fr\/wp-content\/uploads\/2024\/01\/photo-site-7-test-2.png 4032w, https:\/\/bossman-frank.fr\/wp-content\/uploads\/2024\/01\/photo-site-7-test-2-300x146.png 300w, https:\/\/bossman-frank.fr\/wp-content\/uploads\/2024\/01\/photo-site-7-test-2-1024x498.png 1024w, https:\/\/bossman-frank.fr\/wp-content\/uploads\/2024\/01\/photo-site-7-test-2-2000x972.png 2000w, https:\/\/bossman-frank.fr\/wp-content\/uploads\/2024\/01\/photo-site-7-test-2-1536x747.png 1536w, https:\/\/bossman-frank.fr\/wp-content\/uploads\/2024\/01\/photo-site-7-test-2-2048x996.png 2048w, https:\/\/bossman-frank.fr\/wp-content\/uploads\/2024\/01\/photo-site-7-test-2-600x292.png 600w, https:\/\/bossman-frank.fr\/wp-content\/uploads\/2024\/01\/photo-site-7-test-2-1200x583.png 1200w, https:\/\/bossman-frank.fr\/wp-content\/uploads\/2024\/01\/photo-site-7-test-2-18x9.png 18w\" sizes=\"auto, (max-width: 4032px) 100vw, 4032px\" \/><div class=\"wp-block-cover__inner-container has-global-padding is-layout-constrained wp-block-cover-is-layout-constrained\">\n<p class=\"has-text-align-center has-max-60-font-size\" style=\"font-style:normal;font-weight:900;line-height:1.2\"><strong>Bienvenue<\/strong><\/p>\n\n\n\n<p class=\"has-text-align-center has-medium-font-size\">Je m'appelle BossMan Franck, et c'est un plaisir de vous voir ici.<\/p>\n\n\n\n<p class=\"has-text-align-center has-medium-font-size\">Depuis la Sarthe, je compose et produis de la musique.<\/p>\n\n\n\n<p class=\"has-text-align-center has-medium-font-size\">Que vous soyez l\u00e0 pour un projet ou par curiosit\u00e9, vous \u00eates plus que bienvenu\u00a0!<\/p>\n<\/div><\/div>\n\n\n\n<div class=\"wp-block-group has-global-padding is-layout-constrained wp-block-group-is-layout-constrained\">\n<div style=\"height:57px\" aria-hidden=\"true\" class=\"wp-block-spacer\"><\/div>\n\n\n\n<h2 class=\"wp-block-heading has-text-align-center has-medium-font-size\" style=\"letter-spacing:1px\"><strong>UN PEU SUR MOI<\/strong><\/h2>\n\n\n\n<p class=\"has-text-align-center\">Apprends \u00e0 me connaitre!<\/p>\n\n\n\n<figure class=\"wp-block-image aligncenter size-large is-resized\"><img loading=\"lazy\" decoding=\"async\" width=\"1289\" height=\"1288\" src=\"https:\/\/bossman-frank.fr\/wp-content\/uploads\/2024\/04\/photo-site-5-edited.jpg\" alt=\"\" class=\"wp-image-253\" style=\"width:393px;height:auto\" srcset=\"https:\/\/bossman-frank.fr\/wp-content\/uploads\/2024\/04\/photo-site-5-edited.jpg 1289w, https:\/\/bossman-frank.fr\/wp-content\/uploads\/2024\/04\/photo-site-5-edited-300x300.jpg 300w, https:\/\/bossman-frank.fr\/wp-content\/uploads\/2024\/04\/photo-site-5-edited-1024x1024.jpg 1024w, https:\/\/bossman-frank.fr\/wp-content\/uploads\/2024\/04\/photo-site-5-edited-150x150.jpg 150w, https:\/\/bossman-frank.fr\/wp-content\/uploads\/2024\/04\/photo-site-5-edited-12x12.jpg 12w\" sizes=\"auto, (max-width: 1289px) 100vw, 1289px\" \/><\/figure>\n\n\n\n<div class=\"wp-block-buttons is-horizontal is-content-justification-center is-layout-flex wp-container-core-buttons-is-layout-03627597 wp-block-buttons-is-layout-flex\">\n<div class=\"wp-block-button has-custom-font-size is-style-fill has-small-font-size\"><a class=\"wp-block-button__link wp-element-button\" href=\"https:\/\/bossman-frank.fr\/fr\/about\/\" style=\"border-radius:0px\"><strong>BIO<\/strong><\/a><\/div>\n<\/div>\n\n\n\n<div style=\"height:57px\" aria-hidden=\"true\" class=\"wp-block-spacer\"><\/div>\n<\/div>\n\n\n\n<div class=\"wp-block-group alignfull has-background has-global-padding is-layout-constrained wp-block-group-is-layout-constrained\" style=\"background-color:#f8f8f8\">\n<div class=\"wp-block-group has-global-padding is-layout-constrained wp-block-group-is-layout-constrained\" style=\"padding-top:var(--wp--preset--spacing--small);padding-bottom:var(--wp--preset--spacing--small)\">\n<div style=\"height:30px\" aria-hidden=\"true\" class=\"wp-block-spacer\"><\/div>\n\n\n\n<div class=\"wp-block-columns are-vertically-aligned-center is-layout-flex wp-container-core-columns-is-layout-c375d253 wp-block-columns-is-layout-flex\">\n<div class=\"wp-block-column is-vertically-aligned-center is-layout-flow wp-block-column-is-layout-flow\">\n<figure class=\"wp-block-image aligncenter size-large is-resized\"><img loading=\"lazy\" decoding=\"async\" width=\"1024\" height=\"1024\" src=\"http:\/\/bossman-frank.fr\/wp-content\/uploads\/2024\/01\/test-pochette-shamanique-1024x1024.png\" alt=\"\" class=\"wp-image-154\" style=\"width:413px;height:auto\" srcset=\"https:\/\/bossman-frank.fr\/wp-content\/uploads\/2024\/01\/test-pochette-shamanique-1024x1024.png 1024w, https:\/\/bossman-frank.fr\/wp-content\/uploads\/2024\/01\/test-pochette-shamanique-300x300.png 300w, https:\/\/bossman-frank.fr\/wp-content\/uploads\/2024\/01\/test-pochette-shamanique-150x150.png 150w, https:\/\/bossman-frank.fr\/wp-content\/uploads\/2024\/01\/test-pochette-shamanique-12x12.png 12w, https:\/\/bossman-frank.fr\/wp-content\/uploads\/2024\/01\/test-pochette-shamanique.png 2000w\" sizes=\"auto, (max-width: 1024px) 100vw, 1024px\" \/><\/figure>\n<\/div>\n\n\n\n<div class=\"wp-block-column is-vertically-aligned-center is-layout-flow wp-block-column-is-layout-flow\">\n<h2 class=\"wp-block-heading has-medium-font-size\" style=\"text-transform:uppercase\">METTONS-NOUS AU DIAPASON<\/h2>\n\n\n\n<p>Connectons-nous au travers de la musique! <\/p>\n\n\n\n<p>Explorez mes travaux pour comprendre le son BossMan.<\/p>\n\n\n\n<div class=\"wp-block-buttons is-layout-flex wp-block-buttons-is-layout-flex\">\n<div class=\"wp-block-button is-style-fill\"><a class=\"wp-block-button__link wp-element-button\" href=\"https:\/\/bossman-frank.fr\/fr\/portfolio\/\" style=\"border-radius:0px\"><strong>MON PORTFOLIO<\/strong><\/a><\/div>\n<\/div>\n<\/div>\n<\/div>\n\n\n\n<div style=\"height:30px\" aria-hidden=\"true\" class=\"wp-block-spacer\"><\/div>\n<\/div>\n<\/div>\n\n\n\n<div class=\"wp-block-group alignfull has-global-padding is-layout-constrained wp-block-group-is-layout-constrained\">\n<div class=\"wp-block-group has-global-padding is-layout-constrained wp-block-group-is-layout-constrained\" style=\"padding-top:var(--wp--preset--spacing--small);padding-bottom:var(--wp--preset--spacing--small)\">\n<div style=\"height:30px\" aria-hidden=\"true\" class=\"wp-block-spacer\"><\/div>\n\n\n\n<div class=\"wp-block-columns is-layout-flex wp-container-core-columns-is-layout-c375d253 wp-block-columns-is-layout-flex\">\n<div class=\"wp-block-column is-vertically-aligned-center is-layout-flow wp-block-column-is-layout-flow\">\n<h2 class=\"wp-block-heading has-medium-font-size\" style=\"text-transform:uppercase\">SERVICES PRO<\/h2>\n\n\n\n<p>Pr\u00eat \u00e0 \u00e9lever votre projet avec de la musique sur mesure? <\/p>\n\n\n\n<p>Explorez mes services et construisons votre projet.<\/p>\n\n\n\n<div class=\"wp-block-buttons is-horizontal is-content-justification-left is-layout-flex wp-container-core-buttons-is-layout-20be11b6 wp-block-buttons-is-layout-flex\">\n<div class=\"wp-block-button is-style-fill\"><a class=\"wp-block-button__link wp-element-button\" href=\"https:\/\/bossman-frank.fr\/fr\/my-services\/\" style=\"border-radius:0px\"><strong>MES SERVICES<\/strong><\/a><\/div>\n<\/div>\n\n\n\n<p><\/p>\n<\/div>\n\n\n\n<div class=\"wp-block-column is-layout-flow wp-block-column-is-layout-flow\">\n<figure class=\"wp-block-image aligncenter size-large is-resized\"><img loading=\"lazy\" decoding=\"async\" width=\"1961\" height=\"1960\" src=\"https:\/\/bossman-frank.fr\/wp-content\/uploads\/2024\/01\/20211008_181613-edited.jpg\" alt=\"\" class=\"wp-image-182\" style=\"width:405px;height:auto\" srcset=\"https:\/\/bossman-frank.fr\/wp-content\/uploads\/2024\/01\/20211008_181613-edited.jpg 1961w, https:\/\/bossman-frank.fr\/wp-content\/uploads\/2024\/01\/20211008_181613-edited-300x300.jpg 300w, https:\/\/bossman-frank.fr\/wp-content\/uploads\/2024\/01\/20211008_181613-edited-1024x1024.jpg 1024w, https:\/\/bossman-frank.fr\/wp-content\/uploads\/2024\/01\/20211008_181613-edited-150x150.jpg 150w, https:\/\/bossman-frank.fr\/wp-content\/uploads\/2024\/01\/20211008_181613-edited-12x12.jpg 12w\" sizes=\"auto, (max-width: 1961px) 100vw, 1961px\" \/><\/figure>\n<\/div>\n<\/div>\n\n\n\n<div style=\"height:30px\" aria-hidden=\"true\" class=\"wp-block-spacer\"><\/div>\n<\/div>\n<\/div>\n\n\n\n<div class=\"wp-block-group alignfull has-background has-global-padding is-layout-constrained wp-block-group-is-layout-constrained\" style=\"background-color:#f8f8f8\">\n<div class=\"wp-block-group has-global-padding is-layout-constrained wp-block-group-is-layout-constrained\" style=\"padding-top:var(--wp--preset--spacing--small);padding-bottom:var(--wp--preset--spacing--small)\">\n<div style=\"height:30px\" aria-hidden=\"true\" class=\"wp-block-spacer\"><\/div>\n\n\n\n<div class=\"wp-block-columns are-vertically-aligned-center is-layout-flex wp-container-core-columns-is-layout-c375d253 wp-block-columns-is-layout-flex\">\n<div class=\"wp-block-column is-vertically-aligned-center is-layout-flow wp-block-column-is-layout-flow\">\n<figure class=\"wp-block-image aligncenter size-large is-resized\"><img loading=\"lazy\" decoding=\"async\" width=\"1961\" height=\"1960\" src=\"https:\/\/bossman-frank.fr\/wp-content\/uploads\/2024\/01\/20220729_151050-edited.jpg\" alt=\"\" class=\"wp-image-183\" style=\"width:420px;height:auto\" srcset=\"https:\/\/bossman-frank.fr\/wp-content\/uploads\/2024\/01\/20220729_151050-edited.jpg 1961w, https:\/\/bossman-frank.fr\/wp-content\/uploads\/2024\/01\/20220729_151050-edited-300x300.jpg 300w, https:\/\/bossman-frank.fr\/wp-content\/uploads\/2024\/01\/20220729_151050-edited-1024x1024.jpg 1024w, https:\/\/bossman-frank.fr\/wp-content\/uploads\/2024\/01\/20220729_151050-edited-150x150.jpg 150w, https:\/\/bossman-frank.fr\/wp-content\/uploads\/2024\/01\/20220729_151050-edited-12x12.jpg 12w\" sizes=\"auto, (max-width: 1961px) 100vw, 1961px\" \/><\/figure>\n<\/div>\n\n\n\n<div class=\"wp-block-column is-vertically-aligned-center is-layout-flow wp-block-column-is-layout-flow\">\n<h2 class=\"wp-block-heading has-medium-font-size\" style=\"text-transform:uppercase\"><strong>COLLABOREZ AVEC MOI<\/strong><\/h2>\n\n\n\n<p>Un projet en t\u00eate? Transformez vos id\u00e9es en musique! <\/p>\n\n\n\n<p>Contactez-moi pour des collaborations et projets.<\/p>\n\n\n\n<div class=\"wp-block-buttons is-layout-flex wp-block-buttons-is-layout-flex\">\n<div class=\"wp-block-button is-style-fill\"><a class=\"wp-block-button__link wp-element-button\" href=\"https:\/\/bossman-frank.fr\/fr\/contact-2\/\" style=\"border-radius:0px\"><strong>MES CONTACTS<\/strong><\/a><\/div>\n<\/div>\n<\/div>\n<\/div>\n\n\n\n<div style=\"height:30px\" aria-hidden=\"true\" class=\"wp-block-spacer\"><\/div>\n<\/div>\n<\/div>\n\n\n\n<div class=\"wp-block-group alignfull has-global-padding is-layout-constrained wp-block-group-is-layout-constrained\">\n<div class=\"wp-block-group has-global-padding is-layout-constrained wp-block-group-is-layout-constrained\" style=\"padding-top:var(--wp--preset--spacing--small);padding-bottom:var(--wp--preset--spacing--small)\">\n<div style=\"height:30px\" aria-hidden=\"true\" class=\"wp-block-spacer\"><\/div>\n\n\n\n<div class=\"wp-block-columns is-layout-flex wp-container-core-columns-is-layout-c375d253 wp-block-columns-is-layout-flex\">\n<div class=\"wp-block-column is-vertically-aligned-center is-layout-flow wp-block-column-is-layout-flow\">\n<h2 class=\"wp-block-heading has-medium-font-size\" style=\"text-transform:uppercase\">REJOIGNEZ LA COMMUNAUT\u00c9<\/h2>\n\n\n\n<p>Faites partie de la communaut\u00e9 BossMan! <\/p>\n\n\n\n<p>Suivez-moi sur les r\u00e9seaux pour voir l\u2019envers du d\u00e9cor.<\/p>\n\n\n\n<div class=\"wp-block-buttons is-horizontal is-content-justification-left is-layout-flex wp-container-core-buttons-is-layout-20be11b6 wp-block-buttons-is-layout-flex\">\n<div class=\"wp-block-button is-style-fill\"><a class=\"wp-block-button__link wp-element-button\" href=\"https:\/\/bossman-frank.fr\/fr\/socials\/\" style=\"border-radius:0px\"><strong>MES RESEAUX<\/strong><\/a><\/div>\n<\/div>\n\n\n\n<p><\/p>\n<\/div>\n\n\n\n<div class=\"wp-block-column is-layout-flow wp-block-column-is-layout-flow\">\n<figure class=\"wp-block-image aligncenter size-large is-resized\"><img loading=\"lazy\" decoding=\"async\" width=\"944\" height=\"943\" src=\"https:\/\/bossman-frank.fr\/wp-content\/uploads\/2024\/01\/photo-site-3-edited-2.jpeg\" alt=\"\" class=\"wp-image-158\" style=\"width:437px;height:auto\" srcset=\"https:\/\/bossman-frank.fr\/wp-content\/uploads\/2024\/01\/photo-site-3-edited-2.jpeg 944w, https:\/\/bossman-frank.fr\/wp-content\/uploads\/2024\/01\/photo-site-3-edited-2-300x300.jpeg 300w, https:\/\/bossman-frank.fr\/wp-content\/uploads\/2024\/01\/photo-site-3-edited-2-150x150.jpeg 150w, https:\/\/bossman-frank.fr\/wp-content\/uploads\/2024\/01\/photo-site-3-edited-2-12x12.jpeg 12w\" sizes=\"auto, (max-width: 944px) 100vw, 944px\" \/><\/figure>\n<\/div>\n<\/div>\n\n\n\n<div style=\"height:30px\" aria-hidden=\"true\" class=\"wp-block-spacer\"><\/div>\n<\/div>\n<\/div>\n\n\n\n<div class=\"wp-block-group alignfull has-background has-global-padding is-layout-constrained wp-block-group-is-layout-constrained\" style=\"background-color:#f8f8f8\">\n<div class=\"wp-block-group has-global-padding is-layout-constrained wp-block-group-is-layout-constrained\" style=\"padding-top:var(--wp--preset--spacing--small);padding-bottom:var(--wp--preset--spacing--small)\">\n<div style=\"height:30px\" aria-hidden=\"true\" class=\"wp-block-spacer\"><\/div>\n\n\n\n<div class=\"wp-block-columns are-vertically-aligned-center is-layout-flex wp-container-core-columns-is-layout-c375d253 wp-block-columns-is-layout-flex\">\n<div class=\"wp-block-column is-vertically-aligned-center is-layout-flow wp-block-column-is-layout-flow\">\n<figure class=\"wp-block-image size-large is-resized\"><img loading=\"lazy\" decoding=\"async\" width=\"1024\" height=\"1024\" src=\"http:\/\/bossman-frank.fr\/wp-content\/uploads\/2024\/01\/BSF-FOND-NOIT-edited-1024x1024.png\" alt=\"\" class=\"wp-image-160\" style=\"width:424px;height:auto\" srcset=\"https:\/\/bossman-frank.fr\/wp-content\/uploads\/2024\/01\/BSF-FOND-NOIT-edited-1024x1024.png 1024w, https:\/\/bossman-frank.fr\/wp-content\/uploads\/2024\/01\/BSF-FOND-NOIT-edited-300x300.png 300w, https:\/\/bossman-frank.fr\/wp-content\/uploads\/2024\/01\/BSF-FOND-NOIT-edited-150x150.png 150w, https:\/\/bossman-frank.fr\/wp-content\/uploads\/2024\/01\/BSF-FOND-NOIT-edited-12x12.png 12w, https:\/\/bossman-frank.fr\/wp-content\/uploads\/2024\/01\/BSF-FOND-NOIT-edited.png 1079w\" sizes=\"auto, (max-width: 1024px) 100vw, 1024px\" \/><\/figure>\n<\/div>\n\n\n\n<div class=\"wp-block-column is-vertically-aligned-center is-layout-flow wp-block-column-is-layout-flow\">\n<h2 class=\"wp-block-heading has-medium-font-size\" style=\"text-transform:uppercase\">RESTEZ AU COURANT<\/h2>\n\n\n\n<p>Restez au courant! <\/p>\n\n\n\n<p>Explorez les dernieres nouvelles et sorties. Ne ratez rien et allez voir ce qu'il se passe.<\/p>\n\n\n\n<div class=\"wp-block-buttons is-layout-flex wp-block-buttons-is-layout-flex\">\n<div class=\"wp-block-button is-style-fill\"><a class=\"wp-block-button__link wp-element-button\" href=\"https:\/\/bossman-frank.fr\/fr\/news\/\" style=\"border-radius:0px\"><strong>MES NOUVELLES<\/strong><\/a><\/div>\n<\/div>\n<\/div>\n<\/div>\n\n\n\n<div style=\"height:30px\" aria-hidden=\"true\" class=\"wp-block-spacer\"><\/div>\n<\/div>\n<\/div>\n\n\n\n<div id=\"news\" class=\"wp-block-group has-global-padding is-layout-constrained wp-block-group-is-layout-constrained\">\n<div style=\"height:108px\" aria-hidden=\"true\" class=\"wp-block-spacer\"><\/div>\n\n\n\n<p class=\"has-text-align-left has-secondary-color has-text-color\">DU BLOG<\/p>\n\n\n\n<h2 class=\"wp-block-heading has-text-align-left\">Dernieres Nouvelles<\/h2>\n\n\n\n<div style=\"height:33px\" aria-hidden=\"true\" class=\"wp-block-spacer\"><\/div>\n\n\n\n<div class=\"wp-block-query is-layout-flow wp-block-query-is-layout-flow\"><ul class=\"columns-3 wp-block-post-template is-layout-grid wp-container-core-post-template-is-layout-6aac66c0 wp-block-post-template-is-layout-grid\"><li class=\"wp-block-post post-205 post type-post status-publish format-standard hentry category-non-classe\">\n\n\n<div style=\"margin-top:0;margin-bottom:0;\" class=\"has-link-color wp-elements-a1817b6b9e4eaefd5826fde68b0a8fdb wp-block-post-date has-text-color has-tertiary-color\"><time datetime=\"2024-01-30T10:41:05+01:00\">30 janvier 2024<\/time><\/div>\n\n<h3 style=\"margin-top:0;margin-bottom:var(--wp--preset--spacing--x-small);\" class=\"has-link-color wp-elements-2e75b4e4fab489cf445e03eda13279d1 wp-block-post-title\"><a href=\"https:\/\/bossman-frank.fr\/fr\/2024\/\" target=\"_self\" >Nouvelle sortie<\/a><\/h3>\n\n<div class=\"has-link-color wp-elements-61eeeb1d6c31f3761cb8bc35b6e1a095 wp-block-post-excerpt has-text-color has-tertiary-color\"><p class=\"wp-block-post-excerpt__excerpt\">10 Mai 2024, 12:00, toutes les plateformes de streaming, hate de vous voir la-bas\u00a0 <\/p><\/div>\n\n<a style=\"text-transform:uppercase; border-width:2px; padding-right:var(--wp--preset--spacing--x-small);padding-left:var(--wp--preset--spacing--x-small);padding-top:10px;padding-bottom:10px;\" class=\"wp-block-read-more has-text-color has-foreground-color\" href=\"https:\/\/bossman-frank.fr\/fr\/2024\/\" target=\"_self\">Lire la suite<span class=\"screen-reader-text\">\u00a0: New release<\/span><\/a>\n<\/li><\/ul>\n\n<\/div>\n\n\n\n<div style=\"height:85px\" aria-hidden=\"true\" class=\"wp-block-spacer\"><\/div>\n<\/div>\n\n\n\n<p><\/p>","protected":false},"excerpt":{"rendered":"<p>A LITTLE ABOUT ME Get to know me better! GET IN TUNE Let&#8217;s connect through music! Explore my work and projects to get in tune with the BossMan sound. PROFESSIONAL SERVICES Ready to elevate your project with tailor-made music? Explore my services and let\u2019s craft a musical masterpiece that\u2019s uniquely yours! JOIN THE COMMUNITY Become &hellip; <\/p>\n<p class=\"link-more\"><a href=\"https:\/\/bossman-frank.fr\/fr\/\" class=\"more-link\">Lire la suite de<span class=\"screen-reader-text\">\u00ab\u00a0Homepage\u00a0\u00bb<\/span><\/a><\/p>","protected":false},"author":2,"featured_media":52,"parent":0,"menu_order":0,"comment_status":"closed","ping_status":"closed","template":"page-templates\/homepage-no-hero.php","meta":{"inspiro_hide_title":false,"footnotes":""},"class_list":["post-10","page","type-page","status-publish","has-post-thumbnail","hentry"],"_links":{"self":[{"href":"https:\/\/bossman-frank.fr\/fr\/wp-json\/wp\/v2\/pages\/10","targetHints":{"allow":["GET"]}}],"collection":[{"href":"https:\/\/bossman-frank.fr\/fr\/wp-json\/wp\/v2\/pages"}],"about":[{"href":"https:\/\/bossman-frank.fr\/fr\/wp-json\/wp\/v2\/types\/page"}],"author":[{"embeddable":true,"href":"https:\/\/bossman-frank.fr\/fr\/wp-json\/wp\/v2\/users\/2"}],"replies":[{"embeddable":true,"href":"https:\/\/bossman-frank.fr\/fr\/wp-json\/wp\/v2\/comments?post=10"}],"version-history":[{"count":32,"href":"https:\/\/bossman-frank.fr\/fr\/wp-json\/wp\/v2\/pages\/10\/revisions"}],"predecessor-version":[{"id":330,"href":"https:\/\/bossman-frank.fr\/fr\/wp-json\/wp\/v2\/pages\/10\/revisions\/330"}],"wp:featuredmedia":[{"embeddable":true,"href":"https:\/\/bossman-frank.fr\/fr\/wp-json\/wp\/v2\/media\/52"}],"wp:attachment":[{"href":"https:\/\/bossman-frank.fr\/fr\/wp-json\/wp\/v2\/media?parent=10"}],"curies":[{"name":"wp","href":"https:\/\/api.w.org\/{rel}","templated":true}]}}