{"id":135,"date":"2024-01-10T14:50:17","date_gmt":"2024-01-10T13:50:17","guid":{"rendered":"https:\/\/bossman-frank.fr\/?page_id=135"},"modified":"2024-02-05T12:59:33","modified_gmt":"2024-02-05T11:59:33","slug":"my-services","status":"publish","type":"page","link":"https:\/\/bossman-frank.fr\/fr\/my-services\/","title":{"rendered":"Mes services"},"content":{"rendered":"<h2 class=\"wp-block-heading\">Ce que je fais<\/h2>\n\n\n\n<p>Je propose une gamme de services de production musicale et de composition vari\u00e9e pour r\u00e9pondre \u00e0 vos besoins cr\u00e9atifs. <\/p>\n\n\n\n<p>Chaque service est \u00e9labor\u00e9 avec pr\u00e9cision et un engagement \u00e0 donner vie \u00e0 votre vision.<\/p>\n\n\n\n<ul class=\"wp-block-list\">\n<li>Composer de la musique\n<ul class=\"wp-block-list\">\n<li>Cr\u00e9er des compositions sur mesure adapt\u00e9es aux besoins de votre projet.<\/li>\n\n\n\n<li>Adapter le projet \u00e0 diff\u00e9rents genres et styles musicaux.<\/li>\n\n\n\n<li>Infuser des \u00e9l\u00e9ments uniques pour faire ressortir votre projet.<\/li>\n<\/ul>\n<\/li>\n\n\n\n<li>Mixer\n<ul class=\"wp-block-list\">\n<li>Assurer un son soign\u00e9 et professionnel pour vos morceaux.<\/li>\n\n\n\n<li>Utiliser des techniques et technologies de pointe pour am\u00e9liorer la qualit\u00e9 audio.<\/li>\n\n\n\n<li>Transformer des enregistrements bruts en une exp\u00e9rience auditive coh\u00e9rente et immersive.<\/li>\n<\/ul>\n<\/li>\n<\/ul>\n\n\n\n<div style=\"height:100px\" aria-hidden=\"true\" class=\"wp-block-spacer\"><\/div>\n\n\n\n<div class=\"wp-block-group alignfull is-layout-flow wp-container-core-group-is-layout-c4d5c1b7 wp-block-group-is-layout-flow\" id=\"cover\" style=\"margin-top:0px;margin-bottom:0px\">\n<div class=\"wp-block-cover alignfull has-parallax is-repeated\" style=\"min-height:549px;aspect-ratio:unset;\"><span aria-hidden=\"true\" class=\"wp-block-cover__background has-black-background-color has-background-dim\"><\/span><div role=\"img\" class=\"wp-block-cover__image-background wp-image-149 has-parallax is-repeated\" style=\"background-position:50% 50%;background-image:url(http:\/\/bossman-frank.fr\/wp-content\/uploads\/2024\/01\/photo-site-7-test-2.png)\"><\/div><div class=\"wp-block-cover__inner-container has-global-padding is-layout-constrained wp-block-cover-is-layout-constrained\">\n<div class=\"wp-block-group has-global-padding is-layout-constrained wp-container-core-group-is-layout-4383d167 wp-block-group-is-layout-constrained\">\n<h2 class=\"wp-block-heading has-white-color has-text-color has-large-font-size\">Pourquoi me choisir?<\/h2>\n\n\n\n<p>Explorez mon portfolio pour d\u00e9couvrir la diversit\u00e9 et la qualit\u00e9 de mon travail.&nbsp;<\/p>\n\n\n\n<div style=\"height:31px\" aria-hidden=\"true\" class=\"wp-block-spacer\"><\/div>\n\n\n\n<div class=\"wp-block-buttons is-layout-flex wp-block-buttons-is-layout-flex\">\n<div class=\"wp-block-button is-style-fill\" style=\"text-transform:uppercase\"><a class=\"wp-block-button__link has-primary-background-color has-background wp-element-button\" href=\"https:\/\/bossman-frank.fr\/fr\/portfolio\/\" style=\"border-radius:0px\"><strong>MON PORTFOLIO<\/strong><\/a><\/div>\n<\/div>\n<\/div>\n<\/div><\/div>\n<\/div>\n\n\n\n<div style=\"height:100px\" aria-hidden=\"true\" class=\"wp-block-spacer\"><\/div>\n\n\n\n<div class=\"wp-block-group alignfull is-layout-flow wp-container-core-group-is-layout-c4d5c1b7 wp-block-group-is-layout-flow\" id=\"cover\" style=\"margin-top:0px;margin-bottom:0px\">\n<div class=\"wp-block-cover alignfull has-parallax is-repeated\" style=\"min-height:549px;aspect-ratio:unset;\"><span aria-hidden=\"true\" class=\"wp-block-cover__background has-black-background-color has-background-dim\"><\/span><div role=\"img\" class=\"wp-block-cover__image-background wp-image-149 has-parallax is-repeated\" style=\"background-position:50% 50%;background-image:url(http:\/\/bossman-frank.fr\/wp-content\/uploads\/2024\/01\/photo-site-7-test-2.png)\"><\/div><div class=\"wp-block-cover__inner-container has-global-padding is-layout-constrained wp-block-cover-is-layout-constrained\">\n<div class=\"wp-block-group has-global-padding is-layout-constrained wp-container-core-group-is-layout-4383d167 wp-block-group-is-layout-constrained\">\n<h2 class=\"wp-block-heading has-text-align-right has-white-color has-text-color has-large-font-size\">Int\u00e9ress\u00e9 par une collaboration ?<\/h2>\n\n\n\n<p class=\"has-text-align-right\">Contactez-moi pour des collaborations et projets.<\/p>\n\n\n\n<div style=\"height:31px\" aria-hidden=\"true\" class=\"wp-block-spacer\"><\/div>\n\n\n\n<div class=\"wp-block-buttons is-content-justification-right is-layout-flex wp-container-core-buttons-is-layout-d445cf74 wp-block-buttons-is-layout-flex\">\n<div class=\"wp-block-button is-style-fill\" style=\"text-transform:uppercase\"><a class=\"wp-block-button__link has-primary-background-color has-background has-text-align-right wp-element-button\" href=\"https:\/\/bossman-frank.fr\/fr\/contact-2\/\" style=\"border-radius:0px\"><strong>MON CONTACT<\/strong><\/a><\/div>\n<\/div>\n<\/div>\n<\/div><\/div>\n<\/div>","protected":false},"excerpt":{"rendered":"<p>What I do I offer a range of music production and composition services to meet your creative needs. Each service is crafted with precision and a commitment to bringing your vision to life.<\/p>","protected":false},"author":2,"featured_media":149,"parent":0,"menu_order":0,"comment_status":"closed","ping_status":"closed","template":"","meta":{"inspiro_hide_title":false,"footnotes":""},"class_list":["post-135","page","type-page","status-publish","has-post-thumbnail","hentry"],"_links":{"self":[{"href":"https:\/\/bossman-frank.fr\/fr\/wp-json\/wp\/v2\/pages\/135","targetHints":{"allow":["GET"]}}],"collection":[{"href":"https:\/\/bossman-frank.fr\/fr\/wp-json\/wp\/v2\/pages"}],"about":[{"href":"https:\/\/bossman-frank.fr\/fr\/wp-json\/wp\/v2\/types\/page"}],"author":[{"embeddable":true,"href":"https:\/\/bossman-frank.fr\/fr\/wp-json\/wp\/v2\/users\/2"}],"replies":[{"embeddable":true,"href":"https:\/\/bossman-frank.fr\/fr\/wp-json\/wp\/v2\/comments?post=135"}],"version-history":[{"count":5,"href":"https:\/\/bossman-frank.fr\/fr\/wp-json\/wp\/v2\/pages\/135\/revisions"}],"predecessor-version":[{"id":248,"href":"https:\/\/bossman-frank.fr\/fr\/wp-json\/wp\/v2\/pages\/135\/revisions\/248"}],"wp:featuredmedia":[{"embeddable":true,"href":"https:\/\/bossman-frank.fr\/fr\/wp-json\/wp\/v2\/media\/149"}],"wp:attachment":[{"href":"https:\/\/bossman-frank.fr\/fr\/wp-json\/wp\/v2\/media?parent=135"}],"curies":[{"name":"wp","href":"https:\/\/api.w.org\/{rel}","templated":true}]}}