{"id":62,"date":"2024-01-08T15:09:18","date_gmt":"2024-01-08T14:09:18","guid":{"rendered":"https:\/\/bossman-frank.fr\/?page_id=62"},"modified":"2024-02-05T12:32:04","modified_gmt":"2024-02-05T11:32:04","slug":"socials","status":"publish","type":"page","link":"https:\/\/bossman-frank.fr\/fr\/socials\/","title":{"rendered":"R\u00e9seaux"},"content":{"rendered":"<div class=\"wp-block-group alignwide has-global-padding is-layout-constrained wp-block-group-is-layout-constrained\">\n<div class=\"wp-block-group has-global-padding is-layout-constrained wp-block-group-is-layout-constrained\">\n<h2 class=\"wp-block-heading has-text-align-center\">Rejoignez la communaut\u00e9<\/h2>\n<\/div>\n\n\n\n<div style=\"height:var(--wp--preset--spacing--x-small)\" aria-hidden=\"true\" class=\"wp-block-spacer\"><\/div>\n\n\n\n<p class=\"has-text-align-center\">Connectez-vous avec d'autres passionn\u00e9s de musique, d\u00e9couvrez des moments exclusifs en coulisses et restez \u00e0 l'aff\u00fbt des derni\u00e8res sorties. Construisons ensemble cette communaut\u00e9 et partageons notre amour de la musique !<\/p>\n<\/div>\n\n\n\n<div style=\"height:var(--wp--preset--spacing--medium)\" aria-hidden=\"true\" class=\"wp-block-spacer\"><\/div>\n\n\n\n<div class=\"wp-block-group alignfull is-layout-flow wp-container-core-group-is-layout-c4d5c1b7 wp-block-group-is-layout-flow\" id=\"cover\" style=\"margin-top:0px;margin-bottom:0px\">\n<div class=\"wp-block-cover alignfull has-parallax is-repeated\" style=\"min-height:549px;aspect-ratio:unset;\"><span aria-hidden=\"true\" class=\"wp-block-cover__background has-black-background-color has-background-dim\"><\/span><div role=\"img\" class=\"wp-block-cover__image-background wp-image-150 has-parallax is-repeated\" style=\"background-position:50% 50%;background-image:url(http:\/\/bossman-frank.fr\/wp-content\/uploads\/2024\/01\/photo-site-7-test-2-1.png)\"><\/div><div class=\"wp-block-cover__inner-container has-global-padding is-layout-constrained wp-block-cover-is-layout-constrained\">\n<div class=\"wp-block-group has-global-padding is-layout-constrained wp-container-core-group-is-layout-4383d167 wp-block-group-is-layout-constrained\">\n<h2 class=\"wp-block-heading has-white-color has-text-color has-large-font-size\">R\u00e9seaux sociaux<\/h2>\n\n\n\n<p>Rejoignez-moi sur Instagram et Facebook pour une discussion d\u00e9contract\u00e9e, des clich\u00e9s des coulisses et un aper\u00e7u de ma vie quotidienne. Restons authentiques et connect\u00e9s.<\/p>\n\n\n\n<div style=\"height:31px\" aria-hidden=\"true\" class=\"wp-block-spacer\"><\/div>\n\n\n\n<div class=\"wp-block-buttons is-layout-flex wp-block-buttons-is-layout-flex\">\n<div class=\"wp-block-button is-style-fill\" style=\"text-transform:uppercase\"><a class=\"wp-block-button__link has-primary-background-color has-background wp-element-button\" href=\"https:\/\/www.instagram.com\/bossman_franck\/\" style=\"border-radius:0px\" target=\"_blank\" rel=\"noreferrer noopener\"><strong>Instagram<\/strong><\/a><\/div>\n\n\n\n<div class=\"wp-block-button is-style-fill\" style=\"text-transform:uppercase\"><a class=\"wp-block-button__link has-primary-background-color has-background wp-element-button\" href=\"https:\/\/www.facebook.com\/BossmanFranck\/\" style=\"border-radius:0px\" target=\"_blank\" rel=\"noreferrer noopener\"><strong>Facebook<\/strong><\/a><\/div>\n<\/div>\n<\/div>\n<\/div><\/div>\n<\/div>\n\n\n\n<div style=\"height:var(--wp--preset--spacing--x-large)\" aria-hidden=\"true\" class=\"wp-block-spacer\"><\/div>\n\n\n\n<div class=\"wp-block-group alignfull is-layout-flow wp-container-core-group-is-layout-c4d5c1b7 wp-block-group-is-layout-flow\" id=\"cover\" style=\"margin-top:0px;margin-bottom:0px\">\n<div class=\"wp-block-cover alignfull has-parallax is-repeated\" style=\"min-height:549px;aspect-ratio:unset;\"><span aria-hidden=\"true\" class=\"wp-block-cover__background has-black-background-color has-background-dim\"><\/span><div role=\"img\" class=\"wp-block-cover__image-background wp-image-149 has-parallax is-repeated\" style=\"background-position:50% 50%;background-image:url(http:\/\/bossman-frank.fr\/wp-content\/uploads\/2024\/01\/photo-site-7-test-2.png)\"><\/div><div class=\"wp-block-cover__inner-container has-global-padding is-layout-constrained wp-block-cover-is-layout-constrained\">\n<div class=\"wp-block-group has-global-padding is-layout-constrained wp-container-core-group-is-layout-4383d167 wp-block-group-is-layout-constrained\">\n<h2 class=\"wp-block-heading has-text-align-right has-white-color has-text-color has-large-font-size\">Musique et vid\u00e9o<\/h2>\n\n\n\n<p class=\"has-text-align-right\">Plongez dans mes projets musicaux sur Spotify (toute ma musique est \u00e9galement disponible sur d'autres plateformes de streaming).<br>Retrouvez-moi en direct sur Twitch pour une session d\u00e9tendue de musique et de discussions. Rendez-vous sur YouTube pour regarder mes clips!<\/p>\n\n\n\n<div style=\"height:31px\" aria-hidden=\"true\" class=\"wp-block-spacer\"><\/div>\n\n\n\n<div class=\"wp-block-buttons is-content-justification-right is-layout-flex wp-container-core-buttons-is-layout-d445cf74 wp-block-buttons-is-layout-flex\">\n<div class=\"wp-block-button is-style-fill\" style=\"text-transform:uppercase\"><a class=\"wp-block-button__link has-primary-background-color has-background has-text-align-left wp-element-button\" href=\"https:\/\/open.spotify.com\/artist\/53RGbVuP6QUv8ohxW06jIG?si=rfzAZue7SjqfniUxSbysfQ\" style=\"border-radius:0px\" target=\"_blank\" rel=\"noreferrer noopener\"><strong>Spotify<\/strong><\/a><\/div>\n\n\n\n<div class=\"wp-block-button is-style-fill\" style=\"text-transform:uppercase\"><a class=\"wp-block-button__link has-primary-background-color has-background has-text-align-left wp-element-button\" href=\"https:\/\/www.twitch.tv\/bossman_franck\" style=\"border-radius:0px\" target=\"_blank\" rel=\"noreferrer noopener\"><strong>Twitch<\/strong><\/a><\/div>\n\n\n\n<div class=\"wp-block-button is-style-fill\" style=\"text-transform:uppercase\"><a class=\"wp-block-button__link has-primary-background-color has-background has-text-align-left wp-element-button\" href=\"https:\/\/www.youtube.com\/channel\/UCpDWMKg-Sbkro8JLXU3pp5w\" style=\"border-radius:0px\" target=\"_blank\" rel=\"noreferrer noopener\"><strong>Youtube<\/strong><\/a><\/div>\n<\/div>\n<\/div>\n<\/div><\/div>\n<\/div>\n\n\n\n<div style=\"height:100px\" aria-hidden=\"true\" class=\"wp-block-spacer\"><\/div>\n\n\n\n<div class=\"wp-block-group alignfull is-layout-flow wp-container-core-group-is-layout-c4d5c1b7 wp-block-group-is-layout-flow\" id=\"cover\" style=\"margin-top:0px;margin-bottom:0px\">\n<div class=\"wp-block-cover alignfull has-parallax is-repeated\" style=\"min-height:549px;aspect-ratio:unset;\"><span aria-hidden=\"true\" class=\"wp-block-cover__background has-black-background-color has-background-dim\"><\/span><div role=\"img\" class=\"wp-block-cover__image-background wp-image-149 has-parallax is-repeated\" style=\"background-position:50% 50%;background-image:url(http:\/\/bossman-frank.fr\/wp-content\/uploads\/2024\/01\/photo-site-7-test-2.png)\"><\/div><div class=\"wp-block-cover__inner-container has-global-padding is-layout-constrained wp-block-cover-is-layout-constrained\">\n<div class=\"wp-block-group has-global-padding is-layout-constrained wp-container-core-group-is-layout-4383d167 wp-block-group-is-layout-constrained\">\n<h2 class=\"wp-block-heading has-white-color has-text-color has-large-font-size\">Rejoignez mon Discord<\/h2>\n\n\n\n<p>Rejoignez la communaut\u00e9 pour une connexion plus personnelle. Discutons de musique, partageons nos id\u00e9es, <br>et restez inform\u00e9 avec des mises \u00e0 jour exclusives.<\/p>\n\n\n\n<div style=\"height:31px\" aria-hidden=\"true\" class=\"wp-block-spacer\"><\/div>\n\n\n\n<div class=\"wp-block-buttons is-layout-flex wp-block-buttons-is-layout-flex\">\n<div class=\"wp-block-button is-style-fill\" style=\"text-transform:uppercase\"><a class=\"wp-block-button__link has-primary-background-color has-background wp-element-button\" href=\"https:\/\/discord.gg\/7zN5RFRd\" style=\"border-radius:0px\" target=\"_blank\" rel=\"noreferrer noopener\"><strong>Discord<\/strong><\/a><\/div>\n<\/div>\n<\/div>\n<\/div><\/div>\n<\/div>\n\n\n\n<div style=\"height:100px\" aria-hidden=\"true\" class=\"wp-block-spacer\"><\/div>\n\n\n\n<div class=\"wp-block-group alignfull is-layout-flow wp-container-core-group-is-layout-c4d5c1b7 wp-block-group-is-layout-flow\" id=\"cover\" style=\"margin-top:0px;margin-bottom:0px\">\n<div id=\"cover\" class=\"wp-block-group is-layout-flow wp-container-core-group-is-layout-c4d5c1b7 wp-block-group-is-layout-flow\" style=\"margin-top:0px;margin-bottom:0px\">\n<div class=\"wp-block-cover alignfull has-parallax is-repeated\" style=\"min-height:549px;aspect-ratio:unset;\"><span aria-hidden=\"true\" class=\"wp-block-cover__background has-black-background-color has-background-dim\"><\/span><div role=\"img\" class=\"wp-block-cover__image-background wp-image-149 has-parallax is-repeated\" style=\"background-position:50% 50%;background-image:url(http:\/\/bossman-frank.fr\/wp-content\/uploads\/2024\/01\/photo-site-7-test-2.png)\"><\/div><div class=\"wp-block-cover__inner-container has-global-padding is-layout-constrained wp-block-cover-is-layout-constrained\">\n<div class=\"wp-block-group has-global-padding is-layout-constrained wp-container-core-group-is-layout-4383d167 wp-block-group-is-layout-constrained\">\n<h2 class=\"wp-block-heading has-text-align-center has-white-color has-text-color has-large-font-size\">Vous voulez me contacter?<\/h2>\n\n\n\n<p class=\"has-text-align-center\">N'h\u00e9sitez pas \u00e0 me contacter, que vous aillez un projet en t\u00eate ou simplement envie de discuter de musique.<\/p>\n\n\n\n<div style=\"height:31px\" aria-hidden=\"true\" class=\"wp-block-spacer\"><\/div>\n\n\n\n<div class=\"wp-block-buttons is-content-justification-center is-layout-flex wp-container-core-buttons-is-layout-a89b3969 wp-block-buttons-is-layout-flex\">\n<div class=\"wp-block-button is-style-fill\" style=\"text-transform:uppercase\"><a class=\"wp-block-button__link has-primary-background-color has-background wp-element-button\" href=\"https:\/\/bossman-frank.fr\/fr\/contact-2\/\" style=\"border-radius:0px\"><strong>ME CONTACTER<\/strong><\/a><\/div>\n<\/div>\n<\/div>\n<\/div><\/div>\n<\/div>\n<\/div>\n\n\n\n<div class=\"wp-block-group alignfull has-background-background-color has-background has-global-padding is-layout-constrained wp-block-group-is-layout-constrained\" style=\"margin-top:0px;margin-bottom:0px;padding-top:var(--wp--preset--spacing--xx-large);padding-bottom:var(--wp--preset--spacing--xx-large)\"><\/div>","protected":false},"excerpt":{"rendered":"<p>Join the community Connect with fellow music enthusiasts, catch exclusive behind-the-scenes moments, and stay tuned for the latest releases. Let&#8217;s build this community together and share the love for music!<\/p>","protected":false},"author":2,"featured_media":149,"parent":0,"menu_order":0,"comment_status":"closed","ping_status":"closed","template":"","meta":{"inspiro_hide_title":false,"footnotes":""},"class_list":["post-62","page","type-page","status-publish","has-post-thumbnail","hentry"],"_links":{"self":[{"href":"https:\/\/bossman-frank.fr\/fr\/wp-json\/wp\/v2\/pages\/62","targetHints":{"allow":["GET"]}}],"collection":[{"href":"https:\/\/bossman-frank.fr\/fr\/wp-json\/wp\/v2\/pages"}],"about":[{"href":"https:\/\/bossman-frank.fr\/fr\/wp-json\/wp\/v2\/types\/page"}],"author":[{"embeddable":true,"href":"https:\/\/bossman-frank.fr\/fr\/wp-json\/wp\/v2\/users\/2"}],"replies":[{"embeddable":true,"href":"https:\/\/bossman-frank.fr\/fr\/wp-json\/wp\/v2\/comments?post=62"}],"version-history":[{"count":24,"href":"https:\/\/bossman-frank.fr\/fr\/wp-json\/wp\/v2\/pages\/62\/revisions"}],"predecessor-version":[{"id":246,"href":"https:\/\/bossman-frank.fr\/fr\/wp-json\/wp\/v2\/pages\/62\/revisions\/246"}],"wp:featuredmedia":[{"embeddable":true,"href":"https:\/\/bossman-frank.fr\/fr\/wp-json\/wp\/v2\/media\/149"}],"wp:attachment":[{"href":"https:\/\/bossman-frank.fr\/fr\/wp-json\/wp\/v2\/media?parent=62"}],"curies":[{"name":"wp","href":"https:\/\/api.w.org\/{rel}","templated":true}]}}